{"id":438,"date":"2018-11-27T09:17:56","date_gmt":"2018-11-27T12:17:56","guid":{"rendered":"http:\/\/transpaihuen.histomed.cl\/wp\/contact\/"},"modified":"2023-03-24T11:39:48","modified_gmt":"2023-03-24T14:39:48","slug":"contacto","status":"publish","type":"page","link":"https:\/\/transpaihuen.histomed.cl\/wp\/contacto\/","title":{"rendered":"Contacto"},"content":{"rendered":"\n\n\t<h1>\n\t\t\t\t\tCont\u00e1ctanos !\n\t\t\t\t<\/h1>\n\t<h2>\n\t\t\t\t\tENV\u00cdANOS TU MENSAJE:\n\t\t\t\t<\/h2>\n\t<div class=\"wpforms-container \" id=\"wpforms-13\"><form id=\"wpforms-form-13\" class=\"wpforms-validate wpforms-form\" data-formid=\"13\" method=\"post\" enctype=\"multipart\/form-data\" action=\"\/wp\/wp-json\/wp\/v2\/pages\/438\" data-token=\"125d907db45683dec4a0884eba5b0090\" data-token-time=\"1776427296\"><noscript class=\"wpforms-error-noscript\">Please enable JavaScript in your browser to complete this form.<\/noscript><div class=\"wpforms-field-container\"><div id=\"wpforms-13-field_0-container\" class=\"wpforms-field wpforms-field-name\" data-field-id=\"0\"><label class=\"wpforms-field-label wpforms-label-hide\" for=\"wpforms-13-field_0\">Su Nombre <span class=\"wpforms-required-label\">*<\/span><\/label><input type=\"text\" id=\"wpforms-13-field_0\" class=\"wpforms-field-large wpforms-field-required\" name=\"wpforms[fields][0]\" placeholder=\"Su nombre\" required><\/div><div id=\"wpforms-13-field_1-container\" class=\"wpforms-field wpforms-field-email\" data-field-id=\"1\"><label class=\"wpforms-field-label wpforms-label-hide\" for=\"wpforms-13-field_1\">Email <span class=\"wpforms-required-label\">*<\/span><\/label><input type=\"email\" id=\"wpforms-13-field_1\" class=\"wpforms-field-large wpforms-field-required\" name=\"wpforms[fields][1]\" placeholder=\"Email Address\" spellcheck=\"false\" required><\/div><div id=\"wpforms-13-field_2-container\" class=\"wpforms-field wpforms-field-textarea\" data-field-id=\"2\"><label class=\"wpforms-field-label wpforms-label-hide\" for=\"wpforms-13-field_2\">Mensaje o consulta: <span class=\"wpforms-required-label\">*<\/span><\/label><textarea id=\"wpforms-13-field_2\" class=\"wpforms-field-medium wpforms-field-required\" name=\"wpforms[fields][2]\" placeholder=\"Mensaje\" required><\/textarea><\/div><\/div><!-- .wpforms-field-container --><div class=\"wpforms-field wpforms-field-hp\"><label for=\"wpforms-13-field-hp\" class=\"wpforms-field-label\">Email<\/label><input type=\"text\" name=\"wpforms[hp]\" id=\"wpforms-13-field-hp\" class=\"wpforms-field-medium\"><\/div><div class=\"wpforms-submit-container\" ><input type=\"hidden\" name=\"wpforms[id]\" value=\"13\"><input type=\"hidden\" name=\"page_title\" value=\"\"><input type=\"hidden\" name=\"page_url\" value=\"https:\/\/transpaihuen.histomed.cl\/wp\/wp-json\/wp\/v2\/pages\/438\"><button type=\"submit\" name=\"wpforms[submit]\" id=\"wpforms-submit-13\" class=\"wpforms-submit\" data-alt-text=\"Sending...\" data-submit-text=\"Enviar Mensaje\" aria-live=\"assertive\" value=\"wpforms-submit\">Enviar Mensaje<\/button><\/div><\/form><\/div>  <!-- .wpforms-container -->\n\t<h2>\n\t\t\t\t\tContacto:\n\t\t\t\t<\/h2>\n\t<h6>\n\t\t\t\t\tDirecci\u00f3n\n\t\t\t\t<\/h6>\n\t\t\t<p>Cochrane 891, oficina 101, Concepci\u00f3n, Chile<\/p>\n\t<h6>\n\t\t\t\t\tCorreos electr\u00f3nicos:\n\t\t\t\t<\/h6>\n\t\t\t<ul>\n<li>Administraci\u00f3n y Finanzas\u00a0 fvega@transpaihuen.cl<\/li>\n<li>Recursos Humanos:\u00a0 \u00a0luisrrhh@transpaihuen.cl<\/li>\n<\/ul>\n\n","protected":false},"excerpt":{"rendered":"<p>Cont\u00e1ctanos ! ENV\u00cdANOS TU MENSAJE: Contacto: Direcci\u00f3n Cochrane 891, oficina 101, Concepci\u00f3n, Chile Correos electr\u00f3nicos: Administraci\u00f3n y Finanzas\u00a0 fvega@transpaihuen.cl Recursos Humanos:\u00a0 \u00a0luisrrhh@transpaihuen.cl<\/p>\n","protected":false},"author":1,"featured_media":0,"parent":0,"menu_order":0,"comment_status":"closed","ping_status":"closed","template":"","meta":{"site-sidebar-layout":"no-sidebar","site-content-layout":"page-builder","ast-site-content-layout":"","site-content-style":"default","site-sidebar-style":"default","ast-global-header-display":"","ast-banner-title-visibility":"","ast-main-header-display":"","ast-hfb-above-header-display":"","ast-hfb-below-header-display":"","ast-hfb-mobile-header-display":"","site-post-title":"disabled","ast-breadcrumbs-content":"","ast-featured-img":"disabled","footer-sml-layout":"","theme-transparent-header-meta":"enabled","adv-header-id-meta":"","stick-header-meta":"","header-above-stick-meta":"","header-main-stick-meta":"","header-below-stick-meta":"","astra-migrate-meta-layouts":"default","ast-page-background-enabled":"default","ast-page-background-meta":{"desktop":{"background-color":"","background-image":"","background-repeat":"repeat","background-position":"center center","background-size":"auto","background-attachment":"scroll","background-type":"","background-media":"","overlay-type":"","overlay-color":"","overlay-gradient":""},"tablet":{"background-color":"","background-image":"","background-repeat":"repeat","background-position":"center center","background-size":"auto","background-attachment":"scroll","background-type":"","background-media":"","overlay-type":"","overlay-color":"","overlay-gradient":""},"mobile":{"background-color":"","background-image":"","background-repeat":"repeat","background-position":"center center","background-size":"auto","background-attachment":"scroll","background-type":"","background-media":"","overlay-type":"","overlay-color":"","overlay-gradient":""}},"ast-content-background-meta":{"desktop":{"background-color":"var(--ast-global-color-5)","background-image":"","background-repeat":"repeat","background-position":"center center","background-size":"auto","background-attachment":"scroll","background-type":"","background-media":"","overlay-type":"","overlay-color":"","overlay-gradient":""},"tablet":{"background-color":"var(--ast-global-color-5)","background-image":"","background-repeat":"repeat","background-position":"center center","background-size":"auto","background-attachment":"scroll","background-type":"","background-media":"","overlay-type":"","overlay-color":"","overlay-gradient":""},"mobile":{"background-color":"var(--ast-global-color-5)","background-image":"","background-repeat":"repeat","background-position":"center center","background-size":"auto","background-attachment":"scroll","background-type":"","background-media":"","overlay-type":"","overlay-color":"","overlay-gradient":""}},"footnotes":""},"_links":{"self":[{"href":"https:\/\/transpaihuen.histomed.cl\/wp\/wp-json\/wp\/v2\/pages\/438"}],"collection":[{"href":"https:\/\/transpaihuen.histomed.cl\/wp\/wp-json\/wp\/v2\/pages"}],"about":[{"href":"https:\/\/transpaihuen.histomed.cl\/wp\/wp-json\/wp\/v2\/types\/page"}],"author":[{"embeddable":true,"href":"https:\/\/transpaihuen.histomed.cl\/wp\/wp-json\/wp\/v2\/users\/1"}],"replies":[{"embeddable":true,"href":"https:\/\/transpaihuen.histomed.cl\/wp\/wp-json\/wp\/v2\/comments?post=438"}],"version-history":[{"count":8,"href":"https:\/\/transpaihuen.histomed.cl\/wp\/wp-json\/wp\/v2\/pages\/438\/revisions"}],"predecessor-version":[{"id":598,"href":"https:\/\/transpaihuen.histomed.cl\/wp\/wp-json\/wp\/v2\/pages\/438\/revisions\/598"}],"wp:attachment":[{"href":"https:\/\/transpaihuen.histomed.cl\/wp\/wp-json\/wp\/v2\/media?parent=438"}],"curies":[{"name":"wp","href":"https:\/\/api.w.org\/{rel}","templated":true}]}}